{"id":13,"date":"2024-12-05T23:38:43","date_gmt":"2024-12-05T22:38:43","guid":{"rendered":"https:\/\/bali-room.fr\/?page_id=13"},"modified":"2024-12-05T23:43:30","modified_gmt":"2024-12-05T22:43:30","slug":"mentions-legales","status":"publish","type":"page","link":"https:\/\/bali-room.fr\/?page_id=13","title":{"rendered":"Mentions L\u00e9gales"},"content":{"rendered":"<h5>\u25cf <u>EDITEUR DU SITE<\/u><\/h5>\n<p><b>TEDDY TOSELLI &#8211; Entrepreneur Individuel<br \/><\/b><\/p>\n<p>N\u00b0 Siret : 937 745 529 00019 RCS Lyon<\/p>\n<p>Adresse: 41 CHEMIN DE LA RIZE\u00a0 69120 VAULX-EN-VELIN<\/p>\n<p>&nbsp;<\/p>\n<p>&nbsp;<\/p>\n<p>ci-apr\u00e8s d\u00e9nomm\u00e9 \u201cEditeur du Site\u201d<\/p>\n<p>Propri\u00e9taire et exploitant du site : TEDDY TOSELLI<\/p>\n<p>&nbsp;<\/p>\n<h5>\u25cf <u>CONCEPTEUR DU SITE<\/u><\/h5>\n<p>&nbsp;<\/p>\n<p><b>YK DESIGN<\/b> &#8211; Agence Web de Communication \u00e0 Lyon &#8211; <a href=\"https:\/\/www.yk-design.fr\">https:\/\/www.yk-design.fr<\/a><\/p>\n<p>&nbsp;<\/p>\n<h5>\u25cf <u>HEBERGEUR DU SITE<\/u><\/h5>\n<p>&nbsp;<\/p>\n<p><b>IONOS<\/b><\/p>\n<p>7 PLACE DE LA GARE 57200 SARREGUEMINES<\/p>\n<p>&nbsp;<\/p>\n<h5>\u25cf <u>ACCEPTATION DES CONDITIONS INHERENTES \u00c0 L\u2019UTILISATION<\/u><\/h5>\n<p>&nbsp;<\/p>\n<p>L\u2019\u00c9diteur du Site d\u00e9tient et exploite ce site. Son utilisation implique que vous acceptez l\u2019ensemble des termes, conditions et notifications contenus et cit\u00e9s dans ce document (les \u00abconditions d\u2019utilisation\u00bb). Ces conditions g\u00e9n\u00e9rales d\u2019utilisation ne s\u2019applique qu\u2019au site et aux services de ce Site, et \u00e0 aucun site tiers.<\/p>\n<p>Si vous n\u2019acceptez pas ces conditions d\u2019utilisation, veuillez ne pas utiliser ce site. Nous nous r\u00e9servons le droit, \u00e0 notre discr\u00e9tion, de mettre \u00e0 jour ou de modifier les conditions d\u2019utilisation. Par cons\u00e9quent, veuillez v\u00e9rifier r\u00e9guli\u00e8rement ces derni\u00e8res afin de savoir si elles ont \u00e9t\u00e9 modifi\u00e9es. Nous consid\u00e9rons que vous acceptez une modification des conditions d\u2019utilisation si vous continuez \u00e0 utiliser le site apr\u00e8s publication de cette modification.<\/p>\n<p>&nbsp;<\/p>\n<h5>\u25cf <u>GESTION DES DONN\u00c9ES PERSONNELLES<\/u><\/h5>\n<p>&nbsp;<\/p>\n<p>A l\u2019occasion de l\u2019utilisation du site https:\/\/bali-room.fr peuvent \u00eatres recueillies : l\u2019URL des liens par l\u2019interm\u00e9diaire desquels l\u2019utilisateur a acc\u00e9d\u00e9 au site https:\/\/bali-room.fr le fournisseur d\u2019acc\u00e8s de l\u2019utilisateur, l\u2019adresse de protocole Internet (IP) de l\u2019utilisateur.<\/p>\n<p>En tout \u00e9tat de cause TEDDY TOSELLI ne collecte des informations personnelles relatives \u00e0 l\u2019utilisateur que pour le besoin de certains services propos\u00e9s par le site https:\/\/bali-room.fr. L\u2019utilisateur fournit ces informations en toute connaissance de cause, notamment lorsqu\u2019il proc\u00e8de par lui-m\u00eame \u00e0 leur saisie. Il est alors pr\u00e9cis\u00e9 \u00e0 l\u2019utilisateur du site l\u2019obligation ou non de fournir ces informations.<\/p>\n<p>&nbsp;<\/p>\n<h5>\u25cf <u>ACCEPTATION DES CONDITIONS INHERENTES \u00c0 L\u2019UTILISATION<\/u><\/h5>\n<p>&nbsp;<\/p>\n<p>L\u2019Editeur du Site d\u00e9tient et exploite ce site. Son utilisation implique que vous acceptez l\u2019ensemble des termes, conditions et notifications contenus et cit\u00e9s dans ce document (les \u00abconditions d\u2019utilisation\u00bb). Ces conditions g\u00e9n\u00e9rales d\u2019utilisation ne s\u2019applique qu\u2019au site et aux services de ce Site, et \u00e0 aucun site tiers.<\/p>\n<p>Si vous n\u2019acceptez pas ces conditions d\u2019utilisation, veuillez ne pas utiliser ce site. Nous nous r\u00e9servons le droit, \u00e0 notre discr\u00e9tion, de mettre \u00e0 jour ou de modifier les conditions d\u2019utilisation. Par cons\u00e9quent, veuillez v\u00e9rifier r\u00e9guli\u00e8rement ces derni\u00e8res afin de savoir si elles ont \u00e9t\u00e9 modifi\u00e9es. Nous consid\u00e9rons que vous acceptez une modification des conditions d\u2019utilisation si vous continuez \u00e0 utiliser le site apr\u00e8s publication de cette modification.<\/p>\n<p>Le site n\u2019est pas d\u00e9clar\u00e9 \u00e0 la CNIL car il ne recueille pas d\u2019informations personnelles. . Les bases de donn\u00e9es sont prot\u00e9g\u00e9es par les dispositions de la loi du 1er juillet 1998 transposant la directive 96\/9 du 11 mars 1996 relative \u00e0 la protection juridique des bases de donn\u00e9es.<\/p>\n<p>&nbsp;<\/p>\n<h5>\u25cf <u>LIENS HYPERTEXTES ET COOKIES<\/u><\/h5>\n<p>&nbsp;<\/p>\n<p>Le site https:\/\/bali-room.fr contient un certain nombre de liens hypertextes vers d\u2019autres sites, mis en place avec l\u2019autorisation de TEDDY TOSELLI cependant TEDDY TOSELLI n\u2019a pas la possibilit\u00e9 de v\u00e9rifier le contenu des sites ainsi visit\u00e9s, et n\u2019assumera en cons\u00e9quence aucune responsabilit\u00e9 de ce fait.<\/p>\n<p>La navigation sur le site https:\/\/bali-room.fr est susceptible de provoquer l\u2019installation de cookie(s) sur l\u2019ordinateur de l\u2019utilisateur. Un cookie est un fichier de petite taille, qui ne permet pas l\u2019identification de l\u2019utilisateur, mais qui enregistre des informations relatives \u00e0 la navigation d\u2019un ordinateur sur un site. Les donn\u00e9es ainsi obtenues visent \u00e0 faciliter la navigation ult\u00e9rieure sur le site, et ont \u00e9galement vocation \u00e0 permettre diverses mesures de fr\u00e9quentation.<\/p>\n<p>Le refus d\u2019installation d\u2019un cookie peut entra\u00eener l\u2019impossibilit\u00e9 d\u2019acc\u00e9der \u00e0 certains services. L\u2019utilisateur peut toutefois configurer son ordinateur pour refuser l\u2019installation des cookies.<\/p>\n","protected":false},"excerpt":{"rendered":"<p>\u25cf EDITEUR DU SITE TEDDY TOSELLI &#8211; Entrepreneur Individuel N\u00b0 Siret : 937 745 529 00019 RCS Lyon Adresse: 41 CHEMIN DE LA RIZE\u00a0 69120 VAULX-EN-VELIN &nbsp; &nbsp; ci-apr\u00e8s d\u00e9nomm\u00e9 \u201cEditeur du Site\u201d Propri\u00e9taire et exploitant du site : TEDDY TOSELLI &nbsp; \u25cf CONCEPTEUR DU SITE &nbsp; YK DESIGN &#8211; Agence Web de Communication \u00e0 Lyon &#8211; https:\/\/www.yk-design.fr &nbsp; \u25cf<\/p>\n","protected":false},"author":1,"featured_media":0,"parent":0,"menu_order":0,"comment_status":"closed","ping_status":"closed","template":"","meta":{"_monsterinsights_skip_tracking":false,"_monsterinsights_sitenote_active":false,"_monsterinsights_sitenote_note":"","_monsterinsights_sitenote_category":0,"footnotes":"","_links_to":"","_links_to_target":""},"class_list":["post-13","page","type-page","status-publish","hentry"],"aioseo_notices":[],"_links":{"self":[{"href":"https:\/\/bali-room.fr\/index.php?rest_route=\/wp\/v2\/pages\/13","targetHints":{"allow":["GET"]}}],"collection":[{"href":"https:\/\/bali-room.fr\/index.php?rest_route=\/wp\/v2\/pages"}],"about":[{"href":"https:\/\/bali-room.fr\/index.php?rest_route=\/wp\/v2\/types\/page"}],"author":[{"embeddable":true,"href":"https:\/\/bali-room.fr\/index.php?rest_route=\/wp\/v2\/users\/1"}],"replies":[{"embeddable":true,"href":"https:\/\/bali-room.fr\/index.php?rest_route=%2Fwp%2Fv2%2Fcomments&post=13"}],"version-history":[{"count":3,"href":"https:\/\/bali-room.fr\/index.php?rest_route=\/wp\/v2\/pages\/13\/revisions"}],"predecessor-version":[{"id":2460,"href":"https:\/\/bali-room.fr\/index.php?rest_route=\/wp\/v2\/pages\/13\/revisions\/2460"}],"wp:attachment":[{"href":"https:\/\/bali-room.fr\/index.php?rest_route=%2Fwp%2Fv2%2Fmedia&parent=13"}],"curies":[{"name":"wp","href":"https:\/\/api.w.org\/{rel}","templated":true}]}}