{"id":2637,"date":"2024-12-09T21:35:40","date_gmt":"2024-12-09T20:35:40","guid":{"rendered":"https:\/\/bali-room.fr\/?page_id=2637"},"modified":"2024-12-11T13:28:05","modified_gmt":"2024-12-11T12:28:05","slug":"pack-romantique","status":"publish","type":"page","link":"https:\/\/bali-room.fr\/?page_id=2637","title":{"rendered":"Pack Romantique"},"content":{"rendered":"\t\t<div data-elementor-type=\"wp-page\" data-elementor-id=\"2637\" class=\"elementor elementor-2637\">\n\t\t\t\t<div class=\"elementor-element elementor-element-f252f55 e-flex e-con-boxed e-con e-parent\" data-id=\"f252f55\" data-element_type=\"container\">\n\t\t\t\t\t<div class=\"e-con-inner\">\n\t\t\t\t<div class=\"elementor-element elementor-element-7378d04 elementor-widget elementor-widget-patara-title\" data-id=\"7378d04\" data-element_type=\"widget\" data-widget_type=\"patara-title.default\">\n\t\t\t\t<div class=\"elementor-widget-container\">\n\t\t\t\t\t\n\t\t\n\t\t\t\t\t\t\t\n\t\t\t<div class=\"section-title black text-left\">Pack Romantique<\/div>\t\t\t\t\n\t\t\t\n        \n\t\t\t\n        \t\t<\/div>\n\t\t\t\t<\/div>\n\t\t\t\t\t<\/div>\n\t\t\t\t<\/div>\n\t\t<div class=\"elementor-element elementor-element-b5fe80e e-flex e-con-boxed e-con e-parent\" data-id=\"b5fe80e\" data-element_type=\"container\">\n\t\t\t\t\t<div class=\"e-con-inner\">\n\t\t<div class=\"elementor-element elementor-element-246bac6 e-con-full e-flex e-con e-child\" data-id=\"246bac6\" data-element_type=\"container\">\n\t\t\t\t<div class=\"elementor-element elementor-element-e1c3d77 elementor-widget elementor-widget-patara-image\" data-id=\"e1c3d77\" data-element_type=\"widget\" data-widget_type=\"patara-image.default\">\n\t\t\t\t<div class=\"elementor-widget-container\">\n\t\t\t\t\t\n\t\t\t\t\n\n\t\t\t<div class=\"sec-img\">\n\t\t\t\t\t\t\t\t\t\n\t\t\t\t <img decoding=\"async\" src=\"https:\/\/bali-room.fr\/wp-content\/uploads\/2024\/12\/pack-romantique-2.jpg\" class=\"img-fluid\" alt=\"\"> \n\t\t\t\t\t\n\t\t\t<\/div>\t\t\t\t\t\n\n\t    \t\t\t\n\t\t\n\t\t\t\n        \t\t<\/div>\n\t\t\t\t<\/div>\n\t\t\t\t<\/div>\n\t\t<div class=\"elementor-element elementor-element-c51cbc5 e-con-full e-flex e-con e-child\" data-id=\"c51cbc5\" data-element_type=\"container\">\n\t\t\t\t<div class=\"elementor-element elementor-element-79871bd elementor-widget elementor-widget-patara-text\" data-id=\"79871bd\" data-element_type=\"widget\" data-widget_type=\"patara-text.default\">\n\t\t\t\t<div class=\"elementor-widget-container\">\n\t\t\t\t\t\n\t\t<div class=\"section-text text-left black\"><p>Cr\u00e9ez une soir\u00e9e inoubliable en nous laissant vous choyer avec notre pack romantique. Ce pack est sp\u00e9cialement con\u00e7u pour les amoureux et permet une exp\u00e9rience magique, empreinte de douceur et de passion.<\/p><p>Le Pack comprends :<\/p><ul><li>1 bouteille de Champagne<\/li><li>D\u00e9coration avec p\u00e9tales de roses et ballons<\/li><li>1 bouquet de fleurs<\/li><li>1 petite surprise<\/li><li>D\u00e9part tardif \u00e0 14h00<\/li><\/ul><h3>\u00a0<\/h3><h3>Prix : 139\u20ac<\/h3><\/div>\n\t\t\n\t\t\t\n        \t\t<\/div>\n\t\t\t\t<\/div>\n\t\t\t\t<\/div>\n\t\t\t\t\t<\/div>\n\t\t\t\t<\/div>\n\t\t<div class=\"elementor-element elementor-element-de52eb3 e-flex e-con-boxed e-con e-parent\" data-id=\"de52eb3\" data-element_type=\"container\">\n\t\t\t\t\t<div class=\"e-con-inner\">\n\t\t\t\t<div class=\"elementor-element elementor-element-b1be516 elementor-widget elementor-widget-shortcode\" data-id=\"b1be516\" data-element_type=\"widget\" data-widget_type=\"shortcode.default\">\n\t\t\t\t<div class=\"elementor-widget-container\">\n\t\t\t\t\t<div class=\"elementor-shortcode\"><\/div>\n\t\t\t\t<\/div>\n\t\t\t\t<\/div>\n\t\t\t\t\t<\/div>\n\t\t\t\t<\/div>\n\t\t\t\t<\/div>\n\t\t","protected":false},"excerpt":{"rendered":"<p>Pack Romantique Cr\u00e9ez une soir\u00e9e inoubliable en nous laissant vous choyer avec notre pack romantique. Ce pack est sp\u00e9cialement con\u00e7u pour les amoureux et permet une exp\u00e9rience magique, empreinte de douceur et de passion. Le Pack comprends : 1 bouteille de Champagne D\u00e9coration avec p\u00e9tales de roses et ballons 1 bouquet de fleurs 1 petite surprise D\u00e9part tardif \u00e0 14h00<\/p>\n","protected":false},"author":1,"featured_media":0,"parent":0,"menu_order":0,"comment_status":"closed","ping_status":"closed","template":"","meta":{"_monsterinsights_skip_tracking":false,"_monsterinsights_sitenote_active":false,"_monsterinsights_sitenote_note":"","_monsterinsights_sitenote_category":0,"footnotes":"","_links_to":"","_links_to_target":""},"class_list":["post-2637","page","type-page","status-publish","hentry"],"aioseo_notices":[],"_links":{"self":[{"href":"https:\/\/bali-room.fr\/index.php?rest_route=\/wp\/v2\/pages\/2637","targetHints":{"allow":["GET"]}}],"collection":[{"href":"https:\/\/bali-room.fr\/index.php?rest_route=\/wp\/v2\/pages"}],"about":[{"href":"https:\/\/bali-room.fr\/index.php?rest_route=\/wp\/v2\/types\/page"}],"author":[{"embeddable":true,"href":"https:\/\/bali-room.fr\/index.php?rest_route=\/wp\/v2\/users\/1"}],"replies":[{"embeddable":true,"href":"https:\/\/bali-room.fr\/index.php?rest_route=%2Fwp%2Fv2%2Fcomments&post=2637"}],"version-history":[{"count":10,"href":"https:\/\/bali-room.fr\/index.php?rest_route=\/wp\/v2\/pages\/2637\/revisions"}],"predecessor-version":[{"id":2691,"href":"https:\/\/bali-room.fr\/index.php?rest_route=\/wp\/v2\/pages\/2637\/revisions\/2691"}],"wp:attachment":[{"href":"https:\/\/bali-room.fr\/index.php?rest_route=%2Fwp%2Fv2%2Fmedia&parent=2637"}],"curies":[{"name":"wp","href":"https:\/\/api.w.org\/{rel}","templated":true}]}}