{"id":2646,"date":"2024-12-09T21:45:32","date_gmt":"2024-12-09T20:45:32","guid":{"rendered":"https:\/\/bali-room.fr\/?page_id=2646"},"modified":"2024-12-11T13:26:27","modified_gmt":"2024-12-11T12:26:27","slug":"pack-anniversaire","status":"publish","type":"page","link":"https:\/\/bali-room.fr\/?page_id=2646","title":{"rendered":"Pack Anniversaire"},"content":{"rendered":"\t\t<div data-elementor-type=\"wp-page\" data-elementor-id=\"2646\" class=\"elementor elementor-2646\">\n\t\t\t\t<div class=\"elementor-element elementor-element-1ecd7a3 e-flex e-con-boxed e-con e-parent\" data-id=\"1ecd7a3\" data-element_type=\"container\">\n\t\t\t\t\t<div class=\"e-con-inner\">\n\t\t\t\t<div class=\"elementor-element elementor-element-f7d13cb elementor-widget elementor-widget-patara-title\" data-id=\"f7d13cb\" data-element_type=\"widget\" data-widget_type=\"patara-title.default\">\n\t\t\t\t<div class=\"elementor-widget-container\">\n\t\t\t\t\t\n\t\t\n\t\t\t\t\t\t\t\n\t\t\t<div class=\"section-title black text-left\">Pack Anniversaire<\/div>\t\t\t\t\n\t\t\t\n        \n\t\t\t\n        \t\t<\/div>\n\t\t\t\t<\/div>\n\t\t\t\t\t<\/div>\n\t\t\t\t<\/div>\n\t\t<div class=\"elementor-element elementor-element-2fee308 e-flex e-con-boxed e-con e-parent\" data-id=\"2fee308\" data-element_type=\"container\">\n\t\t\t\t\t<div class=\"e-con-inner\">\n\t\t<div class=\"elementor-element elementor-element-17917cc e-con-full e-flex e-con e-child\" data-id=\"17917cc\" data-element_type=\"container\">\n\t\t\t\t<div class=\"elementor-element elementor-element-fa94775 elementor-widget elementor-widget-patara-image\" data-id=\"fa94775\" data-element_type=\"widget\" data-widget_type=\"patara-image.default\">\n\t\t\t\t<div class=\"elementor-widget-container\">\n\t\t\t\t\t\n\t\t\t\t\n\n\t\t\t<div class=\"sec-img\">\n\t\t\t\t\t\t\t\t\t\n\t\t\t\t <img decoding=\"async\" src=\"https:\/\/bali-room.fr\/wp-content\/uploads\/2024\/12\/four-layer-chocolate-birthday-cake-package-435840.webp\" class=\"img-fluid\" alt=\"\"> \n\t\t\t\t\t\n\t\t\t<\/div>\t\t\t\t\t\n\n\t    \t\t\t\n\t\t\n\t\t\t\n        \t\t<\/div>\n\t\t\t\t<\/div>\n\t\t\t\t<\/div>\n\t\t<div class=\"elementor-element elementor-element-b5193d0 e-con-full e-flex e-con e-child\" data-id=\"b5193d0\" data-element_type=\"container\">\n\t\t\t\t<div class=\"elementor-element elementor-element-6370ae6 elementor-widget elementor-widget-patara-text\" data-id=\"6370ae6\" data-element_type=\"widget\" data-widget_type=\"patara-text.default\">\n\t\t\t\t<div class=\"elementor-widget-container\">\n\t\t\t\t\t\n\t\t<div class=\"section-text text-left black\"><p>Ce pack vous offrira un anniversaire inoubliable.<\/p><p>Ce Pack comprends :<\/p><ul><li>1 bouteille de Champagne<\/li><li>1 G\u00e2teau d'anniversaire pour 2 personnes<\/li><li>D\u00e9coration avec Ballons<\/li><li>D\u00e9part tardif 14h00<\/li><\/ul><h3>\u00a0<\/h3><h3>Prix : 149,00\u20ac<\/h3><\/div>\n\t\t\n\t\t\t\n        \t\t<\/div>\n\t\t\t\t<\/div>\n\t\t\t\t<\/div>\n\t\t\t\t\t<\/div>\n\t\t\t\t<\/div>\n\t\t<div class=\"elementor-element elementor-element-fbfa707 e-flex e-con-boxed e-con e-parent\" data-id=\"fbfa707\" data-element_type=\"container\">\n\t\t\t\t\t<div class=\"e-con-inner\">\n\t\t\t\t<div class=\"elementor-element elementor-element-c484dbf elementor-widget elementor-widget-shortcode\" data-id=\"c484dbf\" data-element_type=\"widget\" data-widget_type=\"shortcode.default\">\n\t\t\t\t<div class=\"elementor-widget-container\">\n\t\t\t\t\t<div class=\"elementor-shortcode\"><\/div>\n\t\t\t\t<\/div>\n\t\t\t\t<\/div>\n\t\t\t\t\t<\/div>\n\t\t\t\t<\/div>\n\t\t\t\t<\/div>\n\t\t","protected":false},"excerpt":{"rendered":"<p>Pack Anniversaire Ce pack vous offrira un anniversaire inoubliable. Ce Pack comprends : 1 bouteille de Champagne 1 G\u00e2teau d&#8217;anniversaire pour 2 personnes D\u00e9coration avec Ballons D\u00e9part tardif 14h00 \u00a0 Prix : 149,00\u20ac<\/p>\n","protected":false},"author":1,"featured_media":0,"parent":0,"menu_order":0,"comment_status":"closed","ping_status":"closed","template":"","meta":{"_monsterinsights_skip_tracking":false,"_monsterinsights_sitenote_active":false,"_monsterinsights_sitenote_note":"","_monsterinsights_sitenote_category":0,"footnotes":"","_links_to":"","_links_to_target":""},"class_list":["post-2646","page","type-page","status-publish","hentry"],"aioseo_notices":[],"_links":{"self":[{"href":"https:\/\/bali-room.fr\/index.php?rest_route=\/wp\/v2\/pages\/2646","targetHints":{"allow":["GET"]}}],"collection":[{"href":"https:\/\/bali-room.fr\/index.php?rest_route=\/wp\/v2\/pages"}],"about":[{"href":"https:\/\/bali-room.fr\/index.php?rest_route=\/wp\/v2\/types\/page"}],"author":[{"embeddable":true,"href":"https:\/\/bali-room.fr\/index.php?rest_route=\/wp\/v2\/users\/1"}],"replies":[{"embeddable":true,"href":"https:\/\/bali-room.fr\/index.php?rest_route=%2Fwp%2Fv2%2Fcomments&post=2646"}],"version-history":[{"count":13,"href":"https:\/\/bali-room.fr\/index.php?rest_route=\/wp\/v2\/pages\/2646\/revisions"}],"predecessor-version":[{"id":2688,"href":"https:\/\/bali-room.fr\/index.php?rest_route=\/wp\/v2\/pages\/2646\/revisions\/2688"}],"wp:attachment":[{"href":"https:\/\/bali-room.fr\/index.php?rest_route=%2Fwp%2Fv2%2Fmedia&parent=2646"}],"curies":[{"name":"wp","href":"https:\/\/api.w.org\/{rel}","templated":true}]}}