{"id":2682,"date":"2024-12-11T13:22:16","date_gmt":"2024-12-11T12:22:16","guid":{"rendered":"https:\/\/bali-room.fr\/?page_id=2682"},"modified":"2024-12-11T13:30:58","modified_gmt":"2024-12-11T12:30:58","slug":"petit-dejeuner","status":"publish","type":"page","link":"https:\/\/bali-room.fr\/?page_id=2682","title":{"rendered":"Petit-d\u00e9jeuner"},"content":{"rendered":"\t\t<div data-elementor-type=\"wp-page\" data-elementor-id=\"2682\" class=\"elementor elementor-2682\">\n\t\t\t\t<div class=\"elementor-element elementor-element-bb7ff9e e-flex e-con-boxed e-con e-parent\" data-id=\"bb7ff9e\" data-element_type=\"container\">\n\t\t\t\t\t<div class=\"e-con-inner\">\n\t\t<div class=\"elementor-element elementor-element-b78b231 e-con-full e-flex e-con e-child\" data-id=\"b78b231\" data-element_type=\"container\">\n\t\t\t\t<div class=\"elementor-element elementor-element-a2f5064 elementor-widget elementor-widget-image\" data-id=\"a2f5064\" data-element_type=\"widget\" data-widget_type=\"image.default\">\n\t\t\t\t<div class=\"elementor-widget-container\">\n\t\t\t\t\t\t\t\t\t\t\t\t\t<img fetchpriority=\"high\" decoding=\"async\" width=\"764\" height=\"1024\" src=\"https:\/\/bali-room.fr\/wp-content\/uploads\/2024\/12\/dej-764x1024.png\" class=\"attachment-large size-large wp-image-2599\" alt=\"\" srcset=\"https:\/\/bali-room.fr\/wp-content\/uploads\/2024\/12\/dej-764x1024.png 764w, https:\/\/bali-room.fr\/wp-content\/uploads\/2024\/12\/dej-224x300.png 224w, https:\/\/bali-room.fr\/wp-content\/uploads\/2024\/12\/dej-768x1029.png 768w, https:\/\/bali-room.fr\/wp-content\/uploads\/2024\/12\/dej-600x804.png 600w, https:\/\/bali-room.fr\/wp-content\/uploads\/2024\/12\/dej.png 1024w\" sizes=\"(max-width: 764px) 100vw, 764px\" \/>\t\t\t\t\t\t\t\t\t\t\t\t\t<\/div>\n\t\t\t\t<\/div>\n\t\t\t\t<\/div>\n\t\t<div class=\"elementor-element elementor-element-f973f7d e-con-full e-flex e-con e-child\" data-id=\"f973f7d\" data-element_type=\"container\">\n\t\t<div class=\"elementor-element elementor-element-9058326 e-con-full e-flex e-con e-child\" data-id=\"9058326\" data-element_type=\"container\">\n\t\t\t\t<div class=\"elementor-element elementor-element-9671ec9 elementor-widget elementor-widget-patara-title\" data-id=\"9671ec9\" data-element_type=\"widget\" data-widget_type=\"patara-title.default\">\n\t\t\t\t<div class=\"elementor-widget-container\">\n\t\t\t\t\t\n\t\t\n\t\t\t\t\t\t\t\n\t\t\t<div class=\"section-title black text-left\">Petit d\u00e9jeuner<\/div>\t\t\t\t\n\t\t\t\n        \n\t\t\t\n        \t\t<\/div>\n\t\t\t\t<\/div>\n\t\t\t\t<\/div>\n\t\t<div class=\"elementor-element elementor-element-85c1cc0 e-con-full e-flex e-con e-child\" data-id=\"85c1cc0\" data-element_type=\"container\">\n\t\t\t\t<div class=\"elementor-element elementor-element-61c13c4 elementor-widget elementor-widget-patara-text\" data-id=\"61c13c4\" data-element_type=\"widget\" data-widget_type=\"patara-text.default\">\n\t\t\t\t<div class=\"elementor-widget-container\">\n\t\t\t\t\t\n\t\t<div class=\"section-text text-left black\"><p>Le petit d\u00e9jeuner est disponible sur demande uniquement le samedi et le dimanche.<\/p><p>Il sera servis directement dans La Suite \u00e0 9h30.<\/p><ul><li>Viennoiseries<\/li><li>Caf\u00e9 \/ Th\u00e9<\/li><li>Baguette en tranches<\/li><li>Beurre<\/li><li>Confitures<\/li><li>P\u00e2te \u00e0 tartiner<\/li><li>Miel<\/li><li>Jus d'orange frais<\/li><\/ul><p>\u00a0<\/p><h3>Prix : 15\u20ac\/personne<\/h3><\/div>\n\t\t\n\t\t\t\n        \t\t<\/div>\n\t\t\t\t<\/div>\n\t\t\t\t<\/div>\n\t\t\t\t<\/div>\n\t\t\t\t\t<\/div>\n\t\t\t\t<\/div>\n\t\t\t\t<\/div>\n\t\t","protected":false},"excerpt":{"rendered":"<p>Petit d\u00e9jeuner Le petit d\u00e9jeuner est disponible sur demande uniquement le samedi et le dimanche. Il sera servis directement dans La Suite \u00e0 9h30. Viennoiseries Caf\u00e9 \/ Th\u00e9 Baguette en tranches Beurre Confitures P\u00e2te \u00e0 tartiner Miel Jus d&#8217;orange frais \u00a0 Prix : 15\u20ac\/personne<\/p>\n","protected":false},"author":1,"featured_media":0,"parent":0,"menu_order":0,"comment_status":"closed","ping_status":"closed","template":"","meta":{"_monsterinsights_skip_tracking":false,"_monsterinsights_sitenote_active":false,"_monsterinsights_sitenote_note":"","_monsterinsights_sitenote_category":0,"footnotes":"","_links_to":"","_links_to_target":""},"class_list":["post-2682","page","type-page","status-publish","hentry"],"aioseo_notices":[],"_links":{"self":[{"href":"https:\/\/bali-room.fr\/index.php?rest_route=\/wp\/v2\/pages\/2682","targetHints":{"allow":["GET"]}}],"collection":[{"href":"https:\/\/bali-room.fr\/index.php?rest_route=\/wp\/v2\/pages"}],"about":[{"href":"https:\/\/bali-room.fr\/index.php?rest_route=\/wp\/v2\/types\/page"}],"author":[{"embeddable":true,"href":"https:\/\/bali-room.fr\/index.php?rest_route=\/wp\/v2\/users\/1"}],"replies":[{"embeddable":true,"href":"https:\/\/bali-room.fr\/index.php?rest_route=%2Fwp%2Fv2%2Fcomments&post=2682"}],"version-history":[{"count":6,"href":"https:\/\/bali-room.fr\/index.php?rest_route=\/wp\/v2\/pages\/2682\/revisions"}],"predecessor-version":[{"id":2697,"href":"https:\/\/bali-room.fr\/index.php?rest_route=\/wp\/v2\/pages\/2682\/revisions\/2697"}],"wp:attachment":[{"href":"https:\/\/bali-room.fr\/index.php?rest_route=%2Fwp%2Fv2%2Fmedia&parent=2682"}],"curies":[{"name":"wp","href":"https:\/\/api.w.org\/{rel}","templated":true}]}}